{"id":396,"date":"2026-03-23T14:30:06","date_gmt":"2026-03-23T14:30:06","guid":{"rendered":"https:\/\/goal123app.com\/?page_id=396"},"modified":"2026-03-23T16:47:32","modified_gmt":"2026-03-23T16:47:32","slug":"faq","status":"publish","type":"page","link":"https:\/\/goal123app.com\/?page_id=396","title":{"rendered":"FAQ"},"content":{"rendered":"\t\t<div data-elementor-type=\"wp-page\" data-elementor-id=\"396\" class=\"elementor elementor-396\">\n\t\t\t\t<div class=\"elementor-element elementor-element-55ea400f e-flex e-con-boxed wpr-particle-no wpr-jarallax-no wpr-parallax-no wpr-sticky-section-no e-con e-parent\" data-id=\"55ea400f\" data-element_type=\"container\" data-e-type=\"container\" id=\"xs_faq_6\" data-settings=\"{&quot;background_background&quot;:&quot;classic&quot;}\">\n\t\t\t\t\t<div class=\"e-con-inner\">\n\t\t\t\t<div class=\"elementor-element elementor-element-4324a798 elementor-widget elementor-widget-elementskit-heading\" data-id=\"4324a798\" data-element_type=\"widget\" data-e-type=\"widget\" data-widget_type=\"elementskit-heading.default\">\n\t\t\t\t\t<div class=\"ekit-wid-con\" ><div class=\"ekit-heading elementskit-section-title-wraper text_center   ekit_heading_tablet-   ekit_heading_mobile-\"><h2 class=\"ekit-heading--title elementskit-section-title \">FAQ<\/h2><\/div><\/div>\t\t\t\t<\/div>\n\t\t\t\t<div class=\"elementor-element elementor-element-22166234 elementor-widget elementor-widget-elementskit-faq\" data-id=\"22166234\" data-element_type=\"widget\" data-e-type=\"widget\" data-widget_type=\"elementskit-faq.default\">\n\t\t\t\t\t<div class=\"ekit-wid-con\" >\n                <div class=\"elementskit-single-faq elementor-repeater-item-933ec5b\">\n            <div class=\"elementskit-faq-header\">\n                <h2 class=\"elementskit-faq-title\">1. Goal123 l\u00e0 g\u00ec?<\/h2>\n            <\/div>\n            <div class=\"elementskit-faq-body\">\n                Goal123 l\u00e0 m\u1ed9t n\u1ec1n t\u1ea3ng gi\u1ea3i tr\u00ed tr\u1ef1c tuy\u1ebfn cung c\u1ea5p nhi\u1ec1u tr\u00f2 ch\u01a1i \u0111a d\u1ea1ng nh\u01b0 th\u1ec3 thao, casino, quay h\u0169, b\u1eafn c\u00e1, x\u1ed5 s\u1ed1 v\u00e0 esports. Ng\u01b0\u1eddi ch\u01a1i c\u00f3 th\u1ec3 tham gia d\u1ec5 d\u00e0ng th\u00f4ng qua giao di\u1ec7n th\u00e2n thi\u1ec7n v\u00e0 h\u1ec7 th\u1ed1ng ho\u1ea1t \u0111\u1ed9ng \u1ed5n \u0111\u1ecbnh. Truy c\u1eadp ngay <a href=\"https:\/\/goal123app.com\/\">goal123<\/a> \u0111\u1ec3 t\u00ecm hi\u1ec3u th\u00eam v\u00e0 b\u1eaft \u0111\u1ea7u tr\u1ea3i nghi\u1ec7m.            <\/div>\n        <\/div>\n                <div class=\"elementskit-single-faq elementor-repeater-item-b2cc0e1\">\n            <div class=\"elementskit-faq-header\">\n                <h2 class=\"elementskit-faq-title\">2. Goal123 c\u00f3 uy t\u00edn kh\u00f4ng?<\/h2>\n            <\/div>\n            <div class=\"elementskit-faq-body\">\n                Goal123 \u0111\u01b0\u1ee3c nhi\u1ec1u ng\u01b0\u1eddi ch\u01a1i \u0111\u00e1nh gi\u00e1 cao nh\u1edd h\u1ec7 th\u1ed1ng minh b\u1ea1ch, giao di\u1ec7n d\u1ec5 s\u1eed d\u1ee5ng v\u00e0 \u0111a d\u1ea1ng tr\u00f2 ch\u01a1i. Tuy nhi\u00ean, ng\u01b0\u1eddi ch\u01a1i n\u00ean t\u1ef1 tr\u1ea3i nghi\u1ec7m v\u00e0 t\u00ecm hi\u1ec3u k\u1ef9 tr\u01b0\u1edbc khi tham gia \u0111\u1ec3 \u0111\u1ea3m b\u1ea3o ph\u00f9 h\u1ee3p v\u1edbi nhu c\u1ea7u c\u00e1 nh\u00e2n. B\u1ea1n c\u00f3 th\u1ec3 kh\u00e1m ph\u00e1 t\u1ea1i <a href=\"https:\/\/goal123app.com\/\">goal123 uy t\u00edn<\/a>.            <\/div>\n        <\/div>\n                <div class=\"elementskit-single-faq elementor-repeater-item-83f844a\">\n            <div class=\"elementskit-faq-header\">\n                <h2 class=\"elementskit-faq-title\">3. L\u00e0m sao \u0111\u1ec3 \u0111\u0103ng k\u00fd t\u00e0i kho\u1ea3n Goal123?<\/h2>\n            <\/div>\n            <div class=\"elementskit-faq-body\">\n                \u0110\u1ec3 \u0111\u0103ng k\u00fd t\u00e0i kho\u1ea3n, b\u1ea1n ch\u1ec9 c\u1ea7n truy c\u1eadp website ch\u00ednh th\u1ee9c, \u0111i\u1ec1n th\u00f4ng tin c\u01a1 b\u1ea3n v\u00e0 x\u00e1c nh\u1eadn t\u00e0i kho\u1ea3n. Qu\u00e1 tr\u00ecnh \u0111\u0103ng k\u00fd nhanh ch\u00f3ng, ch\u1ec9 m\u1ea5t v\u00e0i ph\u00fat l\u00e0 c\u00f3 th\u1ec3 b\u1eaft \u0111\u1ea7u ch\u01a1i. \u0110\u0103ng k\u00fd ngay t\u1ea1i <a href=\"https:\/\/goal123app.com\/\">\u0111\u0103ng k\u00fd goal123<\/a>.            <\/div>\n        <\/div>\n                <div class=\"elementskit-single-faq elementor-repeater-item-b5b166a\">\n            <div class=\"elementskit-faq-header\">\n                <h2 class=\"elementskit-faq-title\">4. Goal123 c\u00f3 nh\u1eefng tr\u00f2 ch\u01a1i n\u00e0o?<\/h2>\n            <\/div>\n            <div class=\"elementskit-faq-body\">\n                Goal123 cung c\u1ea5p nhi\u1ec1u tr\u00f2 ch\u01a1i nh\u01b0 c\u00e1 c\u01b0\u1ee3c th\u1ec3 thao, casino live, quay h\u0169, b\u1eafn c\u00e1, x\u1ed5 s\u1ed1 v\u00e0 esports. Ng\u01b0\u1eddi ch\u01a1i c\u00f3 th\u1ec3 l\u1ef1a ch\u1ecdn tr\u00f2 ch\u01a1i ph\u00f9 h\u1ee3p v\u1edbi s\u1edf th\u00edch v\u00e0 tr\u1ea3i nghi\u1ec7m \u0111a d\u1ea1ng. Kh\u00e1m ph\u00e1 \u0111\u1ea7y \u0111\u1ee7 t\u1ea1i <a href=\"https:\/\/goal123app.com\/\">tr\u00f2 ch\u01a1i goal123<\/a>.            <\/div>\n        <\/div>\n                <div class=\"elementskit-single-faq elementor-repeater-item-8d79fbf\">\n            <div class=\"elementskit-faq-header\">\n                <h2 class=\"elementskit-faq-title\">5. C\u00f3 th\u1ec3 ch\u01a1i Goal123 tr\u00ean \u0111i\u1ec7n tho\u1ea1i kh\u00f4ng?<\/h2>\n            <\/div>\n            <div class=\"elementskit-faq-body\">\n                C\u00f3, Goal123 h\u1ed7 tr\u1ee3 ch\u01a1i tr\u00ean \u0111i\u1ec7n tho\u1ea1i, m\u00e1y t\u00ednh b\u1ea3ng v\u00e0 m\u00e1y t\u00ednh v\u1edbi giao di\u1ec7n \u0111\u01b0\u1ee3c t\u1ed1i \u01b0u h\u00f3a. Ng\u01b0\u1eddi ch\u01a1i c\u00f3 th\u1ec3 truy c\u1eadp m\u1ecdi l\u00fac m\u1ecdi n\u01a1i m\u00e0 kh\u00f4ng c\u1ea7n c\u00e0i \u0111\u1eb7t ph\u1ee9c t\u1ea1p. Truy c\u1eadp ngay <a href=\"https:\/\/goal123app.com\/\">goal123 mobile<\/a> \u0111\u1ec3 tr\u1ea3i nghi\u1ec7m.            <\/div>\n        <\/div>\n                <div class=\"elementskit-single-faq elementor-repeater-item-75e7adf\">\n            <div class=\"elementskit-faq-header\">\n                <h2 class=\"elementskit-faq-title\">6. Goal123 c\u00f3 khuy\u1ebfn m\u00e3i kh\u00f4ng?<\/h2>\n            <\/div>\n            <div class=\"elementskit-faq-body\">\n                Goal123 th\u01b0\u1eddng xuy\u00ean cung c\u1ea5p c\u00e1c ch\u01b0\u01a1ng tr\u00ecnh khuy\u1ebfn m\u00e3i nh\u01b0 th\u01b0\u1edfng n\u1ea1p, ho\u00e0n tr\u1ea3 v\u00e0 \u01b0u \u0111\u00e3i \u0111\u1eb7c bi\u1ec7t cho ng\u01b0\u1eddi ch\u01a1i m\u1edbi v\u00e0 c\u0169. Nh\u1eefng \u01b0u \u0111\u00e3i n\u00e0y gi\u00fap t\u0103ng c\u01a1 h\u1ed9i tr\u1ea3i nghi\u1ec7m v\u00e0 t\u1ed1i \u01b0u chi ph\u00ed. Xem chi ti\u1ebft t\u1ea1i <a href=\"https:\/\/goal123app.com\/\">khuy\u1ebfn m\u00e3i goal123<\/a>.            <\/div>\n        <\/div>\n                <div class=\"elementskit-single-faq elementor-repeater-item-7c78110\">\n            <div class=\"elementskit-faq-header\">\n                <h2 class=\"elementskit-faq-title\">7. L\u00e0m sao \u0111\u1ec3 n\u1ea1p ti\u1ec1n v\u00e0o Goal123?<\/h2>\n            <\/div>\n            <div class=\"elementskit-faq-body\">\n                Ng\u01b0\u1eddi ch\u01a1i c\u00f3 th\u1ec3 n\u1ea1p ti\u1ec1n v\u00e0o Goal123 th\u00f4ng qua nhi\u1ec1u ph\u01b0\u01a1ng th\u1ee9c thanh to\u00e1n kh\u00e1c nhau t\u00f9y theo khu v\u1ef1c h\u1ed7 tr\u1ee3. Quy tr\u00ecnh n\u1ea1p ti\u1ec1n nhanh ch\u00f3ng v\u00e0 \u0111\u01a1n gi\u1ea3n, gi\u00fap b\u1ea1n b\u1eaft \u0111\u1ea7u ch\u01a1i ngay l\u1eadp t\u1ee9c. T\u00ecm hi\u1ec3u th\u00eam t\u1ea1i <a href=\"https:\/\/goal123app.com\/\">n\u1ea1p ti\u1ec1n goal123<\/a>.            <\/div>\n        <\/div>\n                <div class=\"elementskit-single-faq elementor-repeater-item-c6be179\">\n            <div class=\"elementskit-faq-header\">\n                <h2 class=\"elementskit-faq-title\">8. Goal123 c\u00f3 h\u1ed7 tr\u1ee3 kh\u00e1ch h\u00e0ng kh\u00f4ng?<\/h2>\n            <\/div>\n            <div class=\"elementskit-faq-body\">\n                Goal123 cung c\u1ea5p d\u1ecbch v\u1ee5 h\u1ed7 tr\u1ee3 kh\u00e1ch h\u00e0ng 24\/7 nh\u1eb1m gi\u1ea3i \u0111\u00e1p m\u1ecdi th\u1eafc m\u1eafc c\u1ee7a ng\u01b0\u1eddi ch\u01a1i. B\u1ea1n c\u00f3 th\u1ec3 li\u00ean h\u1ec7 qua live chat ho\u1eb7c c\u00e1c k\u00eanh h\u1ed7 tr\u1ee3 kh\u00e1c \u0111\u1ec3 \u0111\u01b0\u1ee3c h\u1ed7 tr\u1ee3 nhanh ch\u00f3ng. Li\u00ean h\u1ec7 ngay t\u1ea1i <a href=\"https:\/\/goal123app.com\/\">h\u1ed7 tr\u1ee3 goal123<\/a>.            <\/div>\n        <\/div>\n                <div class=\"elementskit-single-faq elementor-repeater-item-f099fc9\">\n            <div class=\"elementskit-faq-header\">\n                <h2 class=\"elementskit-faq-title\">9. C\u00f3 c\u1ea7n kinh nghi\u1ec7m \u0111\u1ec3 ch\u01a1i Goal123 kh\u00f4ng?<\/h2>\n            <\/div>\n            <div class=\"elementskit-faq-body\">\n                Kh\u00f4ng c\u1ea7n qu\u00e1 nhi\u1ec1u kinh nghi\u1ec7m \u0111\u1ec3 b\u1eaft \u0111\u1ea7u, v\u00ec Goal123 cung c\u1ea5p h\u01b0\u1edbng d\u1eabn chi ti\u1ebft cho t\u1eebng tr\u00f2 ch\u01a1i. Ng\u01b0\u1eddi m\u1edbi c\u00f3 th\u1ec3 d\u1ec5 d\u00e0ng l\u00e0m quen v\u00e0 tham gia v\u1edbi m\u1ee9c c\u01b0\u1ee3c nh\u1ecf. B\u1eaft \u0111\u1ea7u ngay t\u1ea1i <a href=\"https:\/\/goal123app.com\/\">h\u01b0\u1edbng d\u1eabn goal123<\/a>.            <\/div>\n        <\/div>\n                <div class=\"elementskit-single-faq elementor-repeater-item-3849ce1\">\n            <div class=\"elementskit-faq-header\">\n                <h2 class=\"elementskit-faq-title\">10. Goal123 c\u00f3 an to\u00e0n kh\u00f4ng?<\/h2>\n            <\/div>\n            <div class=\"elementskit-faq-body\">\n                Goal123 s\u1eed d\u1ee5ng h\u1ec7 th\u1ed1ng c\u00f4ng ngh\u1ec7 hi\u1ec7n \u0111\u1ea1i nh\u1eb1m \u0111\u1ea3m b\u1ea3o tr\u1ea3i nghi\u1ec7m \u1ed5n \u0111\u1ecbnh v\u00e0 b\u1ea3o m\u1eadt th\u00f4ng tin ng\u01b0\u1eddi d\u00f9ng. Tuy nhi\u00ean, ng\u01b0\u1eddi ch\u01a1i n\u00ean t\u1ef1 qu\u1ea3n l\u00fd t\u00e0i kho\u1ea3n v\u00e0 th\u00f4ng tin c\u00e1 nh\u00e2n \u0111\u1ec3 \u0111\u1ea3m b\u1ea3o an to\u00e0n. T\u00ecm hi\u1ec3u th\u00eam t\u1ea1i <a href=\"https:\/\/goal123app.com\/\">b\u1ea3o m\u1eadt goal123<\/a>.            <\/div>\n        <\/div>\n                \n    <\/div>\t\t\t\t<\/div>\n\t\t\t\t\t<\/div>\n\t\t\t\t<\/div>\n\t\t\t\t<\/div>\n\t\t","protected":false},"excerpt":{"rendered":"<p>FAQ 1. Goal123 l\u00e0 g\u00ec? Goal123 l\u00e0 m\u1ed9t n\u1ec1n t\u1ea3ng gi\u1ea3i tr\u00ed tr\u1ef1c tuy\u1ebfn cung c\u1ea5p nhi\u1ec1u tr\u00f2 ch\u01a1i \u0111a d\u1ea1ng nh\u01b0 th\u1ec3 thao, casino, quay h\u0169, b\u1eafn c\u00e1, x\u1ed5 s\u1ed1 v\u00e0 esports. Ng\u01b0\u1eddi ch\u01a1i c\u00f3 th\u1ec3 tham gia d\u1ec5 d\u00e0ng th\u00f4ng qua giao di\u1ec7n th\u00e2n thi\u1ec7n v\u00e0 h\u1ec7 th\u1ed1ng ho\u1ea1t \u0111\u1ed9ng \u1ed5n \u0111\u1ecbnh. Truy c\u1eadp ngay goal123 \u0111\u1ec3 t\u00ecm hi\u1ec3u th\u00eam v\u00e0 b\u1eaft \u0111\u1ea7u tr\u1ea3i nghi\u1ec7m. 2. Goal123 c\u00f3 uy t\u00edn kh\u00f4ng? Goal123 \u0111\u01b0\u1ee3c nhi\u1ec1u ng\u01b0\u1eddi ch\u01a1i \u0111\u00e1nh gi\u00e1 cao nh\u1edd h\u1ec7 th\u1ed1ng minh b\u1ea1ch, giao di\u1ec7n d\u1ec5 s\u1eed d\u1ee5ng v\u00e0 \u0111a d\u1ea1ng tr\u00f2 ch\u01a1i. Tuy nhi\u00ean, ng\u01b0\u1eddi ch\u01a1i n\u00ean t\u1ef1 tr\u1ea3i nghi\u1ec7m v\u00e0 t\u00ecm hi\u1ec3u k\u1ef9 tr\u01b0\u1edbc khi tham gia \u0111\u1ec3 \u0111\u1ea3m b\u1ea3o ph\u00f9 h\u1ee3p v\u1edbi nhu c\u1ea7u c\u00e1 nh\u00e2n. B\u1ea1n c\u00f3 th\u1ec3 kh\u00e1m ph\u00e1 t\u1ea1i goal123 uy t\u00edn. 3. L\u00e0m sao \u0111\u1ec3 \u0111\u0103ng k\u00fd t\u00e0i kho\u1ea3n Goal123? \u0110\u1ec3 \u0111\u0103ng k\u00fd t\u00e0i kho\u1ea3n, b\u1ea1n ch\u1ec9 c\u1ea7n truy c\u1eadp website ch\u00ednh th\u1ee9c, \u0111i\u1ec1n th\u00f4ng tin c\u01a1 b\u1ea3n v\u00e0 x\u00e1c nh\u1eadn t\u00e0i kho\u1ea3n. Qu\u00e1 tr\u00ecnh \u0111\u0103ng k\u00fd nhanh ch\u00f3ng, ch\u1ec9 m\u1ea5t v\u00e0i ph\u00fat l\u00e0 c\u00f3 th\u1ec3 b\u1eaft \u0111\u1ea7u ch\u01a1i. \u0110\u0103ng k\u00fd ngay t\u1ea1i \u0111\u0103ng k\u00fd goal123. 4. Goal123 c\u00f3 nh\u1eefng tr\u00f2 ch\u01a1i n\u00e0o? Goal123 cung c\u1ea5p nhi\u1ec1u tr\u00f2 ch\u01a1i nh\u01b0 c\u00e1 c\u01b0\u1ee3c th\u1ec3 thao, casino live, quay h\u0169, b\u1eafn c\u00e1, x\u1ed5 s\u1ed1 v\u00e0 esports. Ng\u01b0\u1eddi ch\u01a1i c\u00f3 th\u1ec3 l\u1ef1a ch\u1ecdn tr\u00f2 ch\u01a1i ph\u00f9 h\u1ee3p v\u1edbi s\u1edf th\u00edch v\u00e0 tr\u1ea3i nghi\u1ec7m \u0111a d\u1ea1ng. Kh\u00e1m ph\u00e1 \u0111\u1ea7y \u0111\u1ee7 t\u1ea1i tr\u00f2 ch\u01a1i goal123. 5. C\u00f3 th\u1ec3 ch\u01a1i Goal123 tr\u00ean \u0111i\u1ec7n tho\u1ea1i kh\u00f4ng? C\u00f3, Goal123 h\u1ed7 tr\u1ee3 ch\u01a1i tr\u00ean \u0111i\u1ec7n tho\u1ea1i, m\u00e1y t\u00ednh b\u1ea3ng v\u00e0 m\u00e1y t\u00ednh v\u1edbi giao di\u1ec7n \u0111\u01b0\u1ee3c t\u1ed1i \u01b0u h\u00f3a. Ng\u01b0\u1eddi ch\u01a1i c\u00f3 th\u1ec3 truy c\u1eadp m\u1ecdi l\u00fac m\u1ecdi n\u01a1i m\u00e0 kh\u00f4ng c\u1ea7n c\u00e0i \u0111\u1eb7t ph\u1ee9c t\u1ea1p. Truy c\u1eadp ngay goal123 mobile \u0111\u1ec3 tr\u1ea3i nghi\u1ec7m. 6. Goal123 c\u00f3 khuy\u1ebfn m\u00e3i kh\u00f4ng? Goal123 th\u01b0\u1eddng xuy\u00ean cung c\u1ea5p c\u00e1c ch\u01b0\u01a1ng tr\u00ecnh khuy\u1ebfn m\u00e3i nh\u01b0 th\u01b0\u1edfng n\u1ea1p, ho\u00e0n tr\u1ea3 v\u00e0 \u01b0u \u0111\u00e3i \u0111\u1eb7c bi\u1ec7t cho ng\u01b0\u1eddi ch\u01a1i m\u1edbi v\u00e0 c\u0169. Nh\u1eefng \u01b0u \u0111\u00e3i n\u00e0y gi\u00fap t\u0103ng c\u01a1 h\u1ed9i tr\u1ea3i nghi\u1ec7m v\u00e0 t\u1ed1i \u01b0u chi ph\u00ed. Xem chi ti\u1ebft t\u1ea1i khuy\u1ebfn m\u00e3i goal123. 7. L\u00e0m sao \u0111\u1ec3 n\u1ea1p ti\u1ec1n v\u00e0o Goal123? Ng\u01b0\u1eddi ch\u01a1i c\u00f3 th\u1ec3 n\u1ea1p ti\u1ec1n v\u00e0o Goal123 th\u00f4ng qua nhi\u1ec1u ph\u01b0\u01a1ng th\u1ee9c thanh to\u00e1n kh\u00e1c nhau t\u00f9y theo khu v\u1ef1c h\u1ed7 tr\u1ee3. Quy tr\u00ecnh n\u1ea1p ti\u1ec1n nhanh ch\u00f3ng v\u00e0 \u0111\u01a1n gi\u1ea3n, gi\u00fap b\u1ea1n b\u1eaft \u0111\u1ea7u ch\u01a1i ngay l\u1eadp t\u1ee9c. T\u00ecm hi\u1ec3u th\u00eam t\u1ea1i n\u1ea1p ti\u1ec1n goal123. 8. Goal123 c\u00f3 h\u1ed7 tr\u1ee3 kh\u00e1ch h\u00e0ng kh\u00f4ng? Goal123 cung c\u1ea5p d\u1ecbch v\u1ee5 h\u1ed7 tr\u1ee3 kh\u00e1ch h\u00e0ng 24\/7 nh\u1eb1m gi\u1ea3i \u0111\u00e1p m\u1ecdi th\u1eafc m\u1eafc c\u1ee7a ng\u01b0\u1eddi ch\u01a1i. B\u1ea1n c\u00f3 th\u1ec3 li\u00ean h\u1ec7 qua live chat ho\u1eb7c c\u00e1c k\u00eanh h\u1ed7 tr\u1ee3 kh\u00e1c \u0111\u1ec3 \u0111\u01b0\u1ee3c h\u1ed7 tr\u1ee3 nhanh ch\u00f3ng. Li\u00ean h\u1ec7 ngay t\u1ea1i h\u1ed7 tr\u1ee3 goal123. 9. C\u00f3 c\u1ea7n kinh nghi\u1ec7m \u0111\u1ec3 ch\u01a1i Goal123 kh\u00f4ng? Kh\u00f4ng c\u1ea7n qu\u00e1 nhi\u1ec1u kinh nghi\u1ec7m \u0111\u1ec3 b\u1eaft \u0111\u1ea7u, v\u00ec Goal123 cung c\u1ea5p h\u01b0\u1edbng d\u1eabn chi ti\u1ebft cho t\u1eebng tr\u00f2 ch\u01a1i. Ng\u01b0\u1eddi m\u1edbi c\u00f3 th\u1ec3 d\u1ec5 d\u00e0ng l\u00e0m quen v\u00e0 tham gia v\u1edbi m\u1ee9c c\u01b0\u1ee3c nh\u1ecf. B\u1eaft \u0111\u1ea7u ngay t\u1ea1i h\u01b0\u1edbng d\u1eabn goal123. 10. Goal123 c\u00f3 an to\u00e0n kh\u00f4ng? Goal123 s\u1eed d\u1ee5ng h\u1ec7 th\u1ed1ng c\u00f4ng ngh\u1ec7 hi\u1ec7n \u0111\u1ea1i nh\u1eb1m \u0111\u1ea3m b\u1ea3o tr\u1ea3i nghi\u1ec7m \u1ed5n \u0111\u1ecbnh v\u00e0 b\u1ea3o m\u1eadt th\u00f4ng tin ng\u01b0\u1eddi d\u00f9ng. Tuy nhi\u00ean, ng\u01b0\u1eddi ch\u01a1i n\u00ean t\u1ef1 qu\u1ea3n l\u00fd t\u00e0i kho\u1ea3n v\u00e0 th\u00f4ng tin c\u00e1 nh\u00e2n \u0111\u1ec3 \u0111\u1ea3m b\u1ea3o an to\u00e0n. T\u00ecm hi\u1ec3u th\u00eam t\u1ea1i b\u1ea3o m\u1eadt goal123.<\/p>\n","protected":false},"author":2,"featured_media":0,"parent":0,"menu_order":0,"comment_status":"closed","ping_status":"closed","template":"","meta":{"footnotes":""},"class_list":["post-396","page","type-page","status-publish","hentry"],"_links":{"self":[{"href":"https:\/\/goal123app.com\/index.php?rest_route=\/wp\/v2\/pages\/396","targetHints":{"allow":["GET"]}}],"collection":[{"href":"https:\/\/goal123app.com\/index.php?rest_route=\/wp\/v2\/pages"}],"about":[{"href":"https:\/\/goal123app.com\/index.php?rest_route=\/wp\/v2\/types\/page"}],"author":[{"embeddable":true,"href":"https:\/\/goal123app.com\/index.php?rest_route=\/wp\/v2\/users\/2"}],"replies":[{"embeddable":true,"href":"https:\/\/goal123app.com\/index.php?rest_route=%2Fwp%2Fv2%2Fcomments&post=396"}],"version-history":[{"count":5,"href":"https:\/\/goal123app.com\/index.php?rest_route=\/wp\/v2\/pages\/396\/revisions"}],"predecessor-version":[{"id":408,"href":"https:\/\/goal123app.com\/index.php?rest_route=\/wp\/v2\/pages\/396\/revisions\/408"}],"wp:attachment":[{"href":"https:\/\/goal123app.com\/index.php?rest_route=%2Fwp%2Fv2%2Fmedia&parent=396"}],"curies":[{"name":"wp","href":"https:\/\/api.w.org\/{rel}","templated":true}]}}